{"id":68,"date":"2021-02-11T09:47:33","date_gmt":"2021-02-11T08:47:33","guid":{"rendered":"http:\/\/blindtestexperience.com\/?page_id=68"},"modified":"2022-03-14T11:09:43","modified_gmt":"2022-03-14T10:09:43","slug":"blindtest-connect","status":"publish","type":"page","link":"https:\/\/blindtestexperience.com\/index.php\/blindtest-connect\/","title":{"rendered":"Blindtest Connect"},"content":{"rendered":"<div  data-label=\"BTC\" data-id=\"content--1\" data-export-id=\"content-11\" data-category=\"content\" class=\"content-11 content-section content-section-spacing\" id=\"btc\" style=\"background-color: rgb(251, 192, 45); background-image: none;\"><div  class=\"gridContainer\"> <div  class=\"row text-center\"><div  class=\"section-title-col\" data-type=\"column\">  <img  class=\"custom-image\" src=\"http:\/\/blindtestexperience.com\/wp-content\/uploads\/2021\/02\/BTC-titre-1.png\" title=\"BTC-titre\" alt=\"\"><h4  class=\"\">Ensemble, malgr\u00e9 la distance<\/h4><\/div> <\/div> <div  class=\"row center-xs middle-xs\"> <div  class=\"col-sm-9\"> <div  class=\"lightbox-video lightbox-video-tall dark-overlay shadow-large flexbox middle-xs center-xs\" data-type=\"group\" data-bg=\"image\" style=\"background-image: url(&quot;http:\/\/blindtestexperience.com\/wp-content\/uploads\/2021\/02\/shutterstock_94778566-scaled.jpg&quot;);\"> <a data-fancybox=\"\" data-video-lightbox=\"true\" href=\"https:\/\/vimeo.com\/547889201\" class=\"\" target=\"_self\" rel=\"noopener\"> <i  data-cp-fa=\"true\" class=\"fa video-icon fa-play-circle-o color-white\"><\/i><\/a> <\/div><\/div> <\/div><\/div> <\/div><div  data-label=\"BTCconcept\" data-id=\"content--2\" data-export-id=\"content-7\" data-category=\"content\" class=\"content-7 content-section content-section-spacing content-relative\" id=\"btcconcept\" style=\"background-color: rgb(255, 255, 255); background-image: none;\"><div  class=\"section-separator-top\">\n    <svg  xmlns=\"http:\/\/www.w3.org\/2000\/svg\" viewBox=\"0 0 2600 131.1\" preserveAspectRatio=\"none\" data-separator-name=\"opacity-tilt\" class=\"section-separator-top\">\n\t<path  class=\"svg-white-bg\" d=\"M0 0L2600 0 2600 69.1 0 0z\"><\/path>\n\t<path  class=\"svg-white-bg\" style=\"opacity: 0.5;\" d=\"M0 0L2600 0 2600 69.1 0 69.1z\"><\/path>\n\t<path  class=\"svg-white-bg\" style=\"opacity: 0.25;\" d=\"M2600 0L0 0 0 130.1 2600 69.1z\"><\/path>\n<\/svg>\n<\/div><div  class=\"gridContainer\"> <div  class=\"row middle-sm\"><div  class=\"col-sm-6 space-bottom-xs\" data-type=\"column\"> <h2  class=\"\">Le concept<\/h2> <p  class=\"lead\">Abolissez les distances, rapprochez les \u00e9quipes, m\u00eame derri\u00e8re les \u00e9crans !<br >\nMusique et jeu, quoi de plus universel pour f\u00e9d\u00e9rer ?<br >\nBlindTest Connect vous invite sur une plateforme d\u00e9di\u00e9e, ou s\u2019invite dans votre outil de r\u00e9union habituel.\n<br ><br ><span  style=\"font-weight: 700;\">Le vrai +<\/span> : 2 artistes (Maax et DJ Masterbafunk) animent en temps r\u00e9el le jeu. \n<br >Sp\u00e9cialistes en musique, ils rebondissent sur les r\u00e9ponses des candidats et ambiancent votre session. Pas de copier-coller, mais une exp\u00e9rience unique, taill\u00e9e pour vous !<\/p> <\/div> <div  class=\"col-sm-6\" data-type=\"column\"> <a data-cp-link=\"1\" href=\"#\" class=\"\" target=\"_self\" rel=\"noopener\"><img  class=\"shadow-large\" src=\"http:\/\/blindtestexperience.com\/wp-content\/uploads\/2021\/02\/shutterstock_94778566-scaled.jpg\" title=\"3\" alt=\"\"><\/a><\/div> <\/div><\/div> <\/div><div  data-label=\"Features\" data-id=\"features--1\" data-export-id=\"features-12\" data-category=\"features\" class=\"features-12 content-section content-section-spacing white-text content-relative\" id=\"features-1\" style=\"background-color: rgb(38, 50, 56); background-image: none;\"><div  class=\"section-separator-top\">\n    <svg  xmlns=\"http:\/\/www.w3.org\/2000\/svg\" viewBox=\"0 0 2600 131.1\" preserveAspectRatio=\"none\" data-separator-name=\"opacity-tilt\" class=\"section-separator-top\">\n\t<path  class=\"svg-white-bg\" d=\"M0 0L2600 0 2600 69.1 0 0z\"><\/path>\n\t<path  class=\"svg-white-bg\" style=\"opacity: 0.5;\" d=\"M0 0L2600 0 2600 69.1 0 69.1z\"><\/path>\n\t<path  class=\"svg-white-bg\" style=\"opacity: 0.25;\" d=\"M2600 0L0 0 0 130.1 2600 69.1z\"><\/path>\n<\/svg>\n<\/div><div  class=\"gridContainer\"> <div  class=\"row text-center\"><div  class=\"section-title-col\" data-type=\"column\">  <img  class=\"custom-image\" src=\"http:\/\/blindtestexperience.com\/wp-content\/uploads\/2021\/02\/formes.png\" title=\"formes\" alt=\"\"><\/div> <\/div> <div  class=\"row spaced-cols start-sm content-left-sm\" data-type=\"row\"> <div  class=\"col-sm-6\"> <div  class=\"row space-bottom\"> <div  class=\"col-sm-fit icon-column\"> <i  class=\"fa icon fa-hand-pointer-o bordered round large color3\"><\/i> <\/div> <div  class=\"col-sm\" data-type=\"column\">  <h3  class=\"\">Via la plateforme d\u00e9di\u00e9e<\/h3><p  class=\"lead\">En un clic, vous voici pr\u00eat \u00e0 jouer.<br >\nL\u2019animateur vous accueille et personnalise \u00e0 100% l\u2019\u00e9v\u00e9nement.<br >\nAu fil des questions, l\u2019\u00e9mulation monte, et le classement \u00e9volue en temps r\u00e9el.<br >\nLes participants communiquent entre eux via les \u00e9moticones du chat.<br >\nQui sera le meilleur ?<\/p><h4  class=\"\"><span  style=\"color: rgb(251, 192, 45);\">LES CONDITIONS<\/span><\/h4><p  class=\"\">De 1 \u00e0 20 joueurs en simultan\u00e9<br >999 \u20ac \/ session\n<br >1H de jeu\n<br >1 animateur<\/p><\/div> <\/div><\/div>    <div  class=\"col-sm-6\"> <div  class=\"row space-bottom\"> <div  class=\"col-sm-fit icon-column\"> <i  class=\"fa icon fa-hand-peace-o bordered round large color3\"><\/i> <\/div> <div  class=\"col-sm\" data-type=\"column\">  <h3  class=\"\">Via votre outil habituel<\/h3><p  class=\"\"><span  style=\"color: rgb(135, 139, 147);\">Teams, Zoom, Meet, outil interne\u2026<\/span><\/p><p  class=\"lead\">Le jeu s\u2019invite dans votre rencontre de travail, ou votre temps convivial.<br >\nLes animateurs motivent les joueurs, tiennent les scores et mettent l\u2019ambiance.<br >\nLes titres et les r\u00e9ponses s\u2019encha\u00eenent, tout le monde est en haleine.<br >\nLe jeu est rythm\u00e9 par des rubriques plus fun des unes que les autres, et les joueurs seront surpris de la cr\u00e9ativit\u00e9 des \u00e9preuves.<br >\nUn moment o\u00f9 les stars sont vos collaborateurs, et o\u00f9 la musique f\u00e9d\u00e8re toute une \u00e9quipe !<\/p><h4  class=\"\"><span  style=\"color: rgb(251, 192, 45);\">LES CONDITIONS<\/span><\/h4><p  class=\"\">1499 \u20ac pour 1 \u00e0 20 joueurs simultan\u00e9<br >\n19 \u20ac \/ joueur suppl\u00e9mentaire jusque 50\n<br >9 \u20ac \/ joueur suppl\u00e9mentaire au del\u00e0 de 50<br >\n1H30 de jeu<br >\n3 animateurs + 1 technicien<\/p><\/div> <\/div><\/div><\/div><\/div> <\/div><div  data-label=\"Cta\" data-id=\"cta--1\" data-export-id=\"cta-centered-bg-section\" data-category=\"cta\" data-section-ov=\"1\" class=\"cta-centered-bg-section content-section content-section-spacing-medium white-text content-relative\" data-parallax-depth=\"20\" id=\"cta-1\" style=\"background-color: rgb(255, 255, 255); background-image: url(&quot;http:\/\/blindtestexperience.com\/wp-content\/uploads\/2021\/02\/shutterstock_94201756-scaled.jpg&quot;); background-size: cover; background-position: center top;\"><div  class=\"section-separator-top\">\n    <svg  xmlns=\"http:\/\/www.w3.org\/2000\/svg\" viewBox=\"0 0 2600 131.1\" preserveAspectRatio=\"none\" data-separator-name=\"opacity-tilt\" class=\"section-separator-top\">\n\t<path  class=\"svg-white-bg\" d=\"M0 0L2600 0 2600 69.1 0 0z\"><\/path>\n\t<path  class=\"svg-white-bg\" style=\"opacity: 0.5;\" d=\"M0 0L2600 0 2600 69.1 0 69.1z\"><\/path>\n\t<path  class=\"svg-white-bg\" style=\"opacity: 0.25;\" d=\"M2600 0L0 0 0 130.1 2600 69.1z\"><\/path>\n<\/svg>\n<\/div><div  class=\"gridContainer\"> <div  class=\"row text-center\"><div  data-type=\"column\" class=\"\"> <h2  class=\"\"><span  style=\"color: rgb(251, 192, 45);\">Contactez-nous !<\/span><\/h2> <a class=\"button color3 round outline\" href=\"https:\/\/share.hsforms.com\/1-sSv8W0lRq-z5N4wok_TZA44n61\" target=\"_self\" data-cp-link=\"1\" data-icon=\"\" rel=\"noopener\">hop !<\/a><\/div> <\/div><\/div> <\/div><div  data-label=\"Gallery\" data-id=\"gallery--1\" data-export-id=\"gallery-2\" data-category=\"gallery\" class=\"gallery-2 content-section content-section-spacing\" id=\"gallery-1\" style=\"background-color: rgb(38, 50, 56); background-image: none;\"><div  class=\"\"> <div  class=\"row\"><div  class=\"col-xs-12 full-no-padding\" data-editable=\"true\" data-content-shortcode=\"mesmerize_gallery id=&quot;mesmerize-gallery-2&quot; columns=&quot;4&quot; ids=&quot;327,324,326,325&quot; lb=&quot;1&quot; masonry=&quot;0&quot; size=&quot;medium&quot; link=&quot;file&quot; \"><div id='mesmerize-gallery-2' class='gallery-wrapper'><style type=\"text\/css\">\n                    @media only screen and (min-width: 768px) {\n                    [data-unique-id='mesmerize-gallery-2-69dcfef273219'] dl {\n                        float: left;\n                        width: 25% !important;\n                        max-width:  25% !important;\n                        min-width:  25% !important;\n                    }\n\n                    [data-unique-id='mesmerize-gallery-2-69dcfef273219'] dl:nth-of-type(4n +1 ) {\n                      clear: both;\n                      }\n                    }\n                <\/style><div id='mesmerize-gallery-2' class='mesmerize-gallery-2-dls-wrapper gallery-items-wrapper materialis-gallery' data-unique-id='mesmerize-gallery-2-69dcfef273219'><dl class='gallery-item'>\n\t\t\t<dt class='gallery-icon landscape'>\n\t\t\t\t<a data-fancybox=\"mesmerize-gallery-2-group\" href='https:\/\/blindtestexperience.com\/wp-content\/uploads\/2021\/07\/BT-Connect-4-scaled.jpg'><img  width=\"300\" height=\"200\" src=\"https:\/\/blindtestexperience.com\/wp-content\/uploads\/2021\/07\/BT-Connect-4-300x200.jpg\"  class='mesmerize-gallery-2-image' alt=\"\" loading=\"lazy\" srcset=\"https:\/\/blindtestexperience.com\/wp-content\/uploads\/2021\/07\/BT-Connect-4-300x200.jpg 300w, https:\/\/blindtestexperience.com\/wp-content\/uploads\/2021\/07\/BT-Connect-4-1024x683.jpg 1024w, https:\/\/blindtestexperience.com\/wp-content\/uploads\/2021\/07\/BT-Connect-4-768x512.jpg 768w, https:\/\/blindtestexperience.com\/wp-content\/uploads\/2021\/07\/BT-Connect-4-1536x1024.jpg 1536w, https:\/\/blindtestexperience.com\/wp-content\/uploads\/2021\/07\/BT-Connect-4-2048x1365.jpg 2048w, https:\/\/blindtestexperience.com\/wp-content\/uploads\/2021\/07\/BT-Connect-4-1620x1080.jpg 1620w\" sizes=\"(max-width: 300px) 100vw, 300px\" \/><\/a>\n\t\t\t<\/dt><\/dl><dl class='gallery-item'>\n\t\t\t<dt class='gallery-icon landscape'>\n\t\t\t\t<a data-fancybox=\"mesmerize-gallery-2-group\" href='https:\/\/blindtestexperience.com\/wp-content\/uploads\/2021\/07\/BT-Connect-1-scaled.jpg'><img  width=\"300\" height=\"200\" src=\"https:\/\/blindtestexperience.com\/wp-content\/uploads\/2021\/07\/BT-Connect-1-300x200.jpg\"  class='mesmerize-gallery-2-image' alt=\"\" loading=\"lazy\" srcset=\"https:\/\/blindtestexperience.com\/wp-content\/uploads\/2021\/07\/BT-Connect-1-300x200.jpg 300w, https:\/\/blindtestexperience.com\/wp-content\/uploads\/2021\/07\/BT-Connect-1-1024x683.jpg 1024w, https:\/\/blindtestexperience.com\/wp-content\/uploads\/2021\/07\/BT-Connect-1-768x512.jpg 768w, https:\/\/blindtestexperience.com\/wp-content\/uploads\/2021\/07\/BT-Connect-1-1536x1024.jpg 1536w, https:\/\/blindtestexperience.com\/wp-content\/uploads\/2021\/07\/BT-Connect-1-2048x1365.jpg 2048w, https:\/\/blindtestexperience.com\/wp-content\/uploads\/2021\/07\/BT-Connect-1-1620x1080.jpg 1620w\" sizes=\"(max-width: 300px) 100vw, 300px\" \/><\/a>\n\t\t\t<\/dt><\/dl><dl class='gallery-item'>\n\t\t\t<dt class='gallery-icon landscape'>\n\t\t\t\t<a data-fancybox=\"mesmerize-gallery-2-group\" href='https:\/\/blindtestexperience.com\/wp-content\/uploads\/2021\/07\/BT-Connect-3-scaled.jpg'><img  width=\"300\" height=\"200\" src=\"https:\/\/blindtestexperience.com\/wp-content\/uploads\/2021\/07\/BT-Connect-3-300x200.jpg\"  class='mesmerize-gallery-2-image' alt=\"\" loading=\"lazy\" srcset=\"https:\/\/blindtestexperience.com\/wp-content\/uploads\/2021\/07\/BT-Connect-3-300x200.jpg 300w, https:\/\/blindtestexperience.com\/wp-content\/uploads\/2021\/07\/BT-Connect-3-1024x683.jpg 1024w, https:\/\/blindtestexperience.com\/wp-content\/uploads\/2021\/07\/BT-Connect-3-768x512.jpg 768w, https:\/\/blindtestexperience.com\/wp-content\/uploads\/2021\/07\/BT-Connect-3-1536x1024.jpg 1536w, https:\/\/blindtestexperience.com\/wp-content\/uploads\/2021\/07\/BT-Connect-3-2048x1365.jpg 2048w, https:\/\/blindtestexperience.com\/wp-content\/uploads\/2021\/07\/BT-Connect-3-1620x1080.jpg 1620w\" sizes=\"(max-width: 300px) 100vw, 300px\" \/><\/a>\n\t\t\t<\/dt><\/dl><dl class='gallery-item'>\n\t\t\t<dt class='gallery-icon landscape'>\n\t\t\t\t<a data-fancybox=\"mesmerize-gallery-2-group\" href='https:\/\/blindtestexperience.com\/wp-content\/uploads\/2021\/07\/BT-Connect-2-scaled.jpg'><img  width=\"300\" height=\"200\" src=\"https:\/\/blindtestexperience.com\/wp-content\/uploads\/2021\/07\/BT-Connect-2-300x200.jpg\"  class='mesmerize-gallery-2-image' alt=\"\" loading=\"lazy\" srcset=\"https:\/\/blindtestexperience.com\/wp-content\/uploads\/2021\/07\/BT-Connect-2-300x200.jpg 300w, https:\/\/blindtestexperience.com\/wp-content\/uploads\/2021\/07\/BT-Connect-2-1024x683.jpg 1024w, https:\/\/blindtestexperience.com\/wp-content\/uploads\/2021\/07\/BT-Connect-2-768x512.jpg 768w, https:\/\/blindtestexperience.com\/wp-content\/uploads\/2021\/07\/BT-Connect-2-1536x1024.jpg 1536w, https:\/\/blindtestexperience.com\/wp-content\/uploads\/2021\/07\/BT-Connect-2-2048x1365.jpg 2048w, https:\/\/blindtestexperience.com\/wp-content\/uploads\/2021\/07\/BT-Connect-2-1620x1080.jpg 1620w\" sizes=\"(max-width: 300px) 100vw, 300px\" \/><\/a>\n\t\t\t<\/dt><\/dl>\n\t\t<\/div>\n<script>(function($){window.MaterialisCaptionsGallery && window.MaterialisCaptionsGallery($('[data-unique-id=\"mesmerize-gallery-2-69dcfef273219\"]'))})(jQuery)<\/script><\/div><\/div><\/div> <\/div><\/div>","protected":false},"excerpt":{"rendered":"<p>Ensemble, malgr\u00e9 la distance Le concept Abolissez les distances, rapprochez les \u00e9quipes, m\u00eame derri\u00e8re les \u00e9crans ! Musique et jeu, quoi de plus universel pour f\u00e9d\u00e9rer ? BlindTest Connect vous invite sur une plateforme d\u00e9di\u00e9e, ou s\u2019invite dans votre outil de r\u00e9union habituel. Le vrai + : 2 artistes (Maax et DJ Masterbafunk) animent en&hellip; <br \/> <a class=\"read-more\" href=\"https:\/\/blindtestexperience.com\/index.php\/blindtest-connect\/\">Read more<\/a><\/p>\n","protected":false},"author":1,"featured_media":0,"parent":0,"menu_order":0,"comment_status":"closed","ping_status":"closed","template":"page-templates\/homepage.php","meta":{"_monsterinsights_skip_tracking":false,"_monsterinsights_sitenote_active":false,"_monsterinsights_sitenote_note":"","_monsterinsights_sitenote_category":0},"_links":{"self":[{"href":"https:\/\/blindtestexperience.com\/index.php\/wp-json\/wp\/v2\/pages\/68"}],"collection":[{"href":"https:\/\/blindtestexperience.com\/index.php\/wp-json\/wp\/v2\/pages"}],"about":[{"href":"https:\/\/blindtestexperience.com\/index.php\/wp-json\/wp\/v2\/types\/page"}],"author":[{"embeddable":true,"href":"https:\/\/blindtestexperience.com\/index.php\/wp-json\/wp\/v2\/users\/1"}],"replies":[{"embeddable":true,"href":"https:\/\/blindtestexperience.com\/index.php\/wp-json\/wp\/v2\/comments?post=68"}],"version-history":[{"count":22,"href":"https:\/\/blindtestexperience.com\/index.php\/wp-json\/wp\/v2\/pages\/68\/revisions"}],"predecessor-version":[{"id":551,"href":"https:\/\/blindtestexperience.com\/index.php\/wp-json\/wp\/v2\/pages\/68\/revisions\/551"}],"wp:attachment":[{"href":"https:\/\/blindtestexperience.com\/index.php\/wp-json\/wp\/v2\/media?parent=68"}],"curies":[{"name":"wp","href":"https:\/\/api.w.org\/{rel}","templated":true}]}}