{"id":9,"date":"2021-02-08T09:17:15","date_gmt":"2021-02-08T08:17:15","guid":{"rendered":"http:\/\/blindtestexperience.com\/index.php\/mesmerize-pro\/"},"modified":"2022-03-14T11:08:00","modified_gmt":"2022-03-14T10:08:00","slug":"mesmerize-pro","status":"publish","type":"page","link":"https:\/\/blindtestexperience.com\/","title":{"rendered":"Front Page"},"content":{"rendered":"<div  data-label=\"Concepts\" data-id=\"content--1\" data-export-id=\"content-12\" data-category=\"content\" class=\"content-12 content-section content-section-spacing white-text content-relative\" id=\"concepts\" style=\"background-size: cover; background-position: center top; background-image: none; background-color: rgb(76, 175, 80);\"><div  class=\"gridContainer\"> <div  class=\"row text-center\"><div  class=\"section-title-col\" data-type=\"column\">  <img  class=\"custom-image\" src=\"http:\/\/blindtestexperience.com\/wp-content\/uploads\/2021\/02\/concept-1.png\" title=\"concept\" alt=\"\"><h3  class=\"\"><span  style=\"color: rgb(38, 50, 56);\">&nbsp;\u201c LET THE MUSIC PLAY&nbsp; \u201d<\/span><\/h3><h4  class=\"\">BlindTest Exp\u00e9rience est le sp\u00e9cialiste du jeu musical interactif.\n<br >Vous aimez jouer ? Vous aimez la musique ?\n<br ><span  style=\"font-weight: 900;\">Vous \u00eates au bon endroit.<\/span><br >D\u00e9couvrez nos formules exclusives et 100% interactives !<\/h4><\/div> <\/div> <div  class=\"row center-xs middle-xs\"> <div  class=\"col-sm-9\" data-type=\"column\"> <\/div> <\/div><\/div> <\/div><div  data-label=\"trois\" data-id=\"features--1\" data-export-id=\"features-16\" data-category=\"features\" class=\"features-16 content-section content-section-spacing white-text content-relative\" id=\"trois\" style=\"background-color: rgb(38, 50, 56); background-image: none;\"><div  class=\"section-separator-top\">\n    <svg  xmlns=\"http:\/\/www.w3.org\/2000\/svg\" viewBox=\"0 0 2600 131.1\" preserveAspectRatio=\"none\" data-separator-name=\"opacity-tilt\" class=\"section-separator-top\">\n\t<path  class=\"svg-white-bg\" d=\"M0 0L2600 0 2600 69.1 0 0z\"><\/path>\n\t<path  class=\"svg-white-bg\" style=\"opacity: 0.5;\" d=\"M0 0L2600 0 2600 69.1 0 69.1z\"><\/path>\n\t<path  class=\"svg-white-bg\" style=\"opacity: 0.25;\" d=\"M2600 0L0 0 0 130.1 2600 69.1z\"><\/path>\n<\/svg>\n<\/div><div  class=\"\">  <div  class=\"row spaced-cols center-sm content-center-sm\" data-type=\"row\"> <div  class=\"col-xs-12 col-sm-6 space-bottom col-md-4\"> <a data-cp-link=\"1\" href=\"https:\/\/blindtestexperience.com\/index.php\/blindtest-music-live\" target=\"_self\" rel=\"noopener\" class=\"\"><img  class=\"face\" src=\"https:\/\/blindtestexperience.com\/wp-content\/uploads\/2021\/02\/BTM.png\" title=\"BTM\" alt=\"\"><\/a> <div  data-type=\"column\" class=\"col-padding-small col-padding-small-xs description-container\"> <h4  class=\"font-500\">Le plaisir du son en public<\/h4>  <a class=\"button color1 round outline\" href=\"https:\/\/blindtestexperience.com\/index.php\/blindtest-music-live\" target=\"_self\" data-cp-link=\"1\" data-icon=\"\" rel=\"noopener\">D\u00e9couvrir<\/a><\/div> <\/div><div  class=\"col-xs-12 col-sm-6 space-bottom col-md-4 \"> <a data-cp-link=\"1\" href=\"https:\/\/blindtestexperience.com\/index.php\/blindtest-connect\/#btc\" target=\"_self\" rel=\"noopener\" class=\"\"><img  class=\"face\" src=\"http:\/\/blindtestexperience.com\/wp-content\/uploads\/2021\/02\/BTC-2.png\" title=\"BTC\" alt=\"\"><\/a> <div  data-type=\"column\" class=\"col-padding-small col-padding-small-xs description-container\"> <h4  class=\"font-500\">Ensemble, malgr\u00e9 la distance<\/h4>  <a class=\"button color3 round outline\" href=\"https:\/\/blindtestexperience.com\/index.php\/blindtest-connect\/#btc\" target=\"_self\" data-cp-link=\"1\" data-icon=\"\" rel=\"noopener\">D\u00e9couvrir<\/a><\/div> <\/div>  <\/div> <\/div><\/div><div  data-label=\"Prez\" data-id=\"testimonials--1\" data-export-id=\"testimonials-1\" data-category=\"testimonials\" class=\"testimonials-1 content-section content-section-spacing content-relative\" id=\"prez\" style=\"background-color: rgb(251, 192, 45); background-image: none;\"><div  class=\"section-separator-top\">\n    <svg  xmlns=\"http:\/\/www.w3.org\/2000\/svg\" viewBox=\"0 0 2600 131.1\" preserveAspectRatio=\"none\" data-separator-name=\"opacity-tilt\" class=\"section-separator-top\">\n\t<path  class=\"svg-white-bg\" d=\"M0 0L2600 0 2600 69.1 0 0z\"><\/path>\n\t<path  class=\"svg-white-bg\" style=\"opacity: 0.5;\" d=\"M0 0L2600 0 2600 69.1 0 69.1z\"><\/path>\n\t<path  class=\"svg-white-bg\" style=\"opacity: 0.25;\" d=\"M2600 0L0 0 0 130.1 2600 69.1z\"><\/path>\n<\/svg>\n<\/div><div  class=\"gridContainer\"> <div  class=\"row\"><div  data-type=\"column\" class=\"section-title-col\">  <img  class=\"custom-image\" src=\"http:\/\/blindtestexperience.com\/wp-content\/uploads\/2021\/02\/qui.png\" title=\"qui\" alt=\"\"><h3  class=\"\"><span  style=\"color: rgb(255, 51, 105);\">&nbsp;\u201c WHO ARE YOU ? WHO, WHO, WHO, WHO ? \u201d<\/span><\/h3><\/div> <\/div> <div  class=\"row spaced-cols content-center-sm\" data-type=\"row\"> <div  class=\"col-sm-4 col-md-6\">    <img  class=\"custom-image\" src=\"http:\/\/blindtestexperience.com\/wp-content\/uploads\/2022\/02\/cropped-1-1.png\" title=\"cropped-1-1.png\" alt=\"\"><h3  class=\"\"><span  style=\"color: rgb(255, 51, 105);\">Maax<\/span><\/h3><p  class=\"\"><span  style=\"color: rgb(38, 37, 37);\">Tant crooner que rocker, Maax est un pianiste qui m\u00e9lange les \u00e9poques et les styles musicaux.\n<br >Des Beatles, en passant par Coldplay et Michel Berger, Maax cr\u00e9e des duos improbables et des arrangements uniques.\n<br >Maax, r\u00e9sum\u00e9 en une chanson, c\u2019est \u00ab&nbsp;Il jouait du piano debout&nbsp;\u00bb.\n<br >\n<br ><br ><span  style=\"font-weight: 300;\">Le contacter : <a data-mce-href=\"mailto:maax@blindtestexperience.com\" href=\"mailto:maax@blindtestexperience.com\" target=\"_self\" data-mce-selected=\"inline-boundary\" data-cp-link=\"1\" rel=\"noopener\">maax@blindtestexperience.com<\/a><\/span><\/span><\/p> <\/div>   <div  class=\"col-sm-4 col-md-6\">    <img  class=\"custom-image\" src=\"http:\/\/blindtestexperience.com\/wp-content\/uploads\/2022\/02\/cropped-2-1.png\" title=\"cropped-2-1.png\" alt=\"\"><h3  class=\"\"><span  style=\"color: rgb(255, 51, 105);\">DJ Masterbafunk\n<\/span><\/h3><p  class=\"\"><font  color=\"#262525\"><span  style=\"caret-color: rgb(38, 37, 37);\">S\u00e9bastien alias DJ Masterbafunk est fan des sonorit\u00e9s groove et des 70\u2019s. Sa musique et son \u00e9nergie, associ\u00e9es \u00e0 son c\u00f4t\u00e9 showman, lui ont permis de jouer dans des lieux, des villes et des \u00e9v\u00e9nements d\u2019exception tel que la fan Zone de Lille Euro 2016, le stade Pierre Mauroy de Lille, le stade V\u00e9lodrome de Marseille, le Bus Palladium \u00e0 Paris.\n\n<br >Si Seb \u00e9tait une chanson, ce serait sans aucun doute \u00ab&nbsp;show must go on&nbsp;\u00bb.\n<br >\n<br ><br ><span  style=\"font-weight: 300;\">Le contacter : <a data-mce-href=\"mailto:seb@blindtestexperience.com\" href=\"mailto:seb@blindtestexperience.com\" target=\"_self\" data-mce-selected=\"inline-boundary\" rel=\"noopener\">seb@blindtestexperience.com<\/a><\/span><\/span><\/font><\/p> <\/div><\/div><\/div> <\/div><div  data-label=\"Clients\" data-id=\"clients--1\" data-export-id=\"clients-4\" data-category=\"clients\" class=\"clients-4 content-section content-section-spacing-small white-text content-relative\" id=\"clients-1\" style=\"background-color: rgb(38, 50, 56); background-image: none;\"><div  class=\"section-separator-top\">\n    <svg  xmlns=\"http:\/\/www.w3.org\/2000\/svg\" viewBox=\"0 0 2600 131.1\" preserveAspectRatio=\"none\" data-separator-name=\"opacity-tilt\" class=\"section-separator-top\">\n\t<path  class=\"svg-white-bg\" d=\"M0 0L2600 0 2600 69.1 0 0z\"><\/path>\n\t<path  class=\"svg-white-bg\" style=\"opacity: 0.5;\" d=\"M0 0L2600 0 2600 69.1 0 69.1z\"><\/path>\n\t<path  class=\"svg-white-bg\" style=\"opacity: 0.25;\" d=\"M2600 0L0 0 0 130.1 2600 69.1z\"><\/path>\n<\/svg>\n<\/div><div  class=\"\"> <div  class=\"row\"><div  data-type=\"column\" class=\"section-title-col\">  <img  class=\"custom-image\" src=\"http:\/\/blindtestexperience.com\/wp-content\/uploads\/2021\/02\/heureux.png\" title=\"heureux\" alt=\"\"><p  class=\"lead\">Ils ont v\u00e9cu la BlindTest Exp\u00e9rience\u2026<\/p><\/div> <\/div> <div  data-type=\"row\" class=\"row spaced-cols middle-xs center-xs space-bottom padding-lr\"> <div  class=\"col-xs-6 col-sm-2 col-md-1\"> <img  src=\"http:\/\/blindtestexperience.com\/wp-content\/uploads\/2021\/02\/cropped-grdf_blanc-01.png\" class=\"\" title=\"cropped-grdf_blanc-01.png\" alt=\"\"><\/div> <div  class=\"col-xs-6 col-sm-2 col-md-1\"> <img  src=\"http:\/\/blindtestexperience.com\/wp-content\/uploads\/2021\/02\/cropped-1576748298.png\" class=\"\" title=\"cropped-1576748298.png\" alt=\"\"><\/div> <div  class=\"col-xs-6 col-sm-2 col-md-1\"> <img  src=\"http:\/\/blindtestexperience.com\/wp-content\/uploads\/2021\/02\/cropped-logo-Leroy-Merlin.png\" class=\"\" title=\"cropped-logo-Leroy-Merlin.png\" alt=\"\"><\/div> <div  class=\"col-xs-6 col-sm-2 col-md-1\"> <img  src=\"http:\/\/blindtestexperience.com\/wp-content\/uploads\/2021\/02\/cropped-logo-blanc.png\" class=\"\" title=\"cropped-logo-blanc.png\" alt=\"\"><\/div> <div  class=\"col-xs-6 col-sm-2 col-md-1\"> <img  src=\"http:\/\/blindtestexperience.com\/wp-content\/uploads\/2021\/02\/cropped-1280px-Logo_Oney.svg_.png\" class=\"\" title=\"cropped-1280px-Logo_Oney.svg_.png\" alt=\"\"><\/div> <div  class=\"col-xs-6 col-sm-2 col-md-1\"> <img  src=\"http:\/\/blindtestexperience.com\/wp-content\/uploads\/2021\/02\/cropped-unnamed-12.02.43.png\" class=\"\" title=\"cropped-unnamed-12.02.43.png\" alt=\"\"><\/div> <div  class=\"col-xs-6 col-sm-2 col-md-1\"> <img  src=\"http:\/\/blindtestexperience.com\/wp-content\/uploads\/2021\/02\/cropped-sharing-visual-2.png\" class=\"\" title=\"cropped-sharing-visual-2.png\" alt=\"\"><\/div><div  class=\"col-xs-6 col-sm-2 col-md-1\"> <img  src=\"http:\/\/blindtestexperience.com\/wp-content\/uploads\/2021\/05\/cropped-cropped-logo-oasys-consultants-1.png\" class=\"\" title=\"cropped-cropped-logo-oasys-consultants-1.png\" alt=\"\"><\/div><div  class=\"col-xs-6 col-sm-2 col-md-1\"> <img  src=\"http:\/\/blindtestexperience.com\/wp-content\/uploads\/2021\/06\/cropped-1200px-Universite_de_Lille_logo.svg_.png\" class=\"\" title=\"cropped-1200px-Universite_de_Lille_logo.svg_.png\" alt=\"\"><\/div><div  class=\"col-xs-6 col-sm-2 col-md-1\"> <img  src=\"http:\/\/blindtestexperience.com\/wp-content\/uploads\/2021\/06\/cropped-odysseyre.png\" class=\"\" title=\"cropped-odysseyre.png\" alt=\"\"><\/div><div  class=\"col-xs-6 col-sm-2 col-md-1\"> <img  src=\"http:\/\/blindtestexperience.com\/wp-content\/uploads\/2021\/10\/cropped-logo.png\" class=\"\" title=\"cropped-logo.png\" alt=\"\"><\/div><div  class=\"col-xs-6 col-sm-2 col-md-1\"> <img  src=\"http:\/\/blindtestexperience.com\/wp-content\/uploads\/2021\/10\/cropped-Fichier-5@4x.png\" class=\"\" title=\"cropped-Fichier-5@4x.png\" alt=\"\"><\/div><div  class=\"col-xs-6 col-sm-2 col-md-1\"> <img  src=\"http:\/\/blindtestexperience.com\/wp-content\/uploads\/2021\/10\/cropped-logo-Lievin.png\" class=\"\" title=\"cropped-logo-Lievin.png\" alt=\"\"><\/div><div  class=\"col-xs-6 col-sm-2 col-md-1\"> <img  src=\"http:\/\/blindtestexperience.com\/wp-content\/uploads\/2021\/10\/cropped-SAG_2019_logotype_RVB_GENERIQUE-01-1.png\" class=\"\" title=\"cropped-SAG_2019_logotype_RVB_GENERIQUE-01-1.png\" alt=\"\"><\/div><div  class=\"col-xs-6 col-sm-2 col-md-1\"> <img  src=\"http:\/\/blindtestexperience.com\/wp-content\/uploads\/2021\/10\/cropped-53237966-c738d485574db1643c817707fbb65aec.png\" class=\"\" title=\"cropped-53237966-c738d485574db1643c817707fbb65aec.png\" alt=\"\"><\/div><div  class=\"col-xs-6 col-sm-2 col-md-1\"> <img  src=\"http:\/\/blindtestexperience.com\/wp-content\/uploads\/2021\/10\/cropped-Autorisation-droits-a-limage-1.png\" class=\"\" title=\"cropped-Autorisation-droits-a-limage-1.png\" alt=\"\"><\/div><div  class=\"col-xs-6 col-sm-2 col-md-1\"> <img  src=\"http:\/\/blindtestexperience.com\/wp-content\/uploads\/2022\/02\/cropped-Logo_actuel_de_Norauto.png\" class=\"\" title=\"cropped-Logo_actuel_de_Norauto.png\" alt=\"\"><\/div><div  class=\"col-xs-6 col-sm-2 col-md-1\"> <img  src=\"http:\/\/blindtestexperience.com\/wp-content\/uploads\/2022\/02\/cropped-logo_chrono_fr_FR-1.png\" class=\"\" title=\"cropped-logo_chrono_fr_FR-1.png\" alt=\"\"><\/div><\/div><\/div> <\/div><div data-label=\"Cta\" data-id=\"cta--1\" data-export-id=\"cta-centered-bg-section\" data-category=\"cta\" data-section-ov=\"1\" class=\"cta-centered-bg-section content-section content-section-spacing-medium white-text\" data-parallax-depth=\"20\" id=\"cta-1\"  style=\"background-color: rgb(245, 250, 253); background-image: url(&quot;http:\/\/blindtestexperience.com\/wp-content\/uploads\/2021\/02\/shutterstock_94201756-scaled.jpg&quot;); background-size: cover; background-position: center top;\"><div class=\"gridContainer\" > <div class=\"row text-center\" ><div data-type=\"column\" class=\"\" > <h2 class=\"\" ><span style=\"color: rgb(76, 175, 80);\" >\u201c CALL ME, CALL ME ANY, ANYTIME \u201d<\/span><\/h2> <a class=\"button big color6\" href=\"https:\/\/share.hsforms.com\/1-sSv8W0lRq-z5N4wok_TZA44n61\" target=\"_self\" data-cp-link=\"1\" data-icon=\"\" rel=\"noopener\">Une question ? Contactez-nous ! \ud83d\ude42<\/a><\/div> <\/div><\/div> <\/div>","protected":false},"excerpt":{"rendered":"<p>&nbsp;\u201c LET THE MUSIC PLAY&nbsp; \u201dBlindTest Exp\u00e9rience est le sp\u00e9cialiste du jeu musical interactif. Vous aimez jouer ? Vous aimez la musique ? Vous \u00eates au bon endroit.D\u00e9couvrez nos formules exclusives et 100% interactives ! Le plaisir du son en public D\u00e9couvrir Ensemble, malgr\u00e9 la distance D\u00e9couvrir &nbsp;\u201c WHO ARE YOU ? WHO, WHO, WHO,&hellip; <br \/> <a class=\"read-more\" href=\"https:\/\/blindtestexperience.com\/\">Read more<\/a><\/p>\n","protected":false},"author":1,"featured_media":0,"parent":0,"menu_order":0,"comment_status":"closed","ping_status":"closed","template":"page-templates\/homepage.php","meta":{"_monsterinsights_skip_tracking":false,"_monsterinsights_sitenote_active":false,"_monsterinsights_sitenote_note":"","_monsterinsights_sitenote_category":0},"_links":{"self":[{"href":"https:\/\/blindtestexperience.com\/index.php\/wp-json\/wp\/v2\/pages\/9"}],"collection":[{"href":"https:\/\/blindtestexperience.com\/index.php\/wp-json\/wp\/v2\/pages"}],"about":[{"href":"https:\/\/blindtestexperience.com\/index.php\/wp-json\/wp\/v2\/types\/page"}],"author":[{"embeddable":true,"href":"https:\/\/blindtestexperience.com\/index.php\/wp-json\/wp\/v2\/users\/1"}],"replies":[{"embeddable":true,"href":"https:\/\/blindtestexperience.com\/index.php\/wp-json\/wp\/v2\/comments?post=9"}],"version-history":[{"count":60,"href":"https:\/\/blindtestexperience.com\/index.php\/wp-json\/wp\/v2\/pages\/9\/revisions"}],"predecessor-version":[{"id":549,"href":"https:\/\/blindtestexperience.com\/index.php\/wp-json\/wp\/v2\/pages\/9\/revisions\/549"}],"wp:attachment":[{"href":"https:\/\/blindtestexperience.com\/index.php\/wp-json\/wp\/v2\/media?parent=9"}],"curies":[{"name":"wp","href":"https:\/\/api.w.org\/{rel}","templated":true}]}}